{"id":208,"date":"2022-07-05T14:45:21","date_gmt":"2022-07-05T19:45:21","guid":{"rendered":"https:\/\/onetravelleragency.com\/?page_id=208"},"modified":"2022-07-25T15:56:22","modified_gmt":"2022-07-25T20:56:22","slug":"oceania","status":"publish","type":"page","link":"https:\/\/onetravelleragency.com\/en\/oceania\/","title":{"rendered":"Oceania"},"content":{"rendered":"<div data-vc-full-width=\"true\" data-vc-full-width-init=\"false\" data-vc-stretch-content=\"true\" class=\"vc_row wpb_row vc_row-fluid vc_custom_1657050961015 vc_row-has-fill vc_row-no-padding vc_row-o-content-middle vc_row-flex\"><div class=\"wpb_column vc_column_container vc_col-sm-12\"><div class=\"vc_column-inner vc_custom_1657899626210\"><div class=\"wpb_wrapper\"><h1 style=\"font-size: 78px;color: #ffffff;text-align: center\" class=\"vc_custom_heading text-outline vc_custom_1657050943000\" >OCEAN\u00cdA<\/h1><\/div><\/div><\/div><\/div><div class=\"vc_row-full-width vc_clearfix\"><\/div><div class=\"vc_row wpb_row vc_row-fluid vc_custom_1656968264231 vc_row-o-equal-height vc_row-o-content-top vc_row-flex\"><div class=\"wpb_column vc_column_container vc_col-sm-6\"><div class=\"vc_column-inner\"><div class=\"wpb_wrapper\">\t\t\t<link rel=\"stylesheet\" id=\"wd-responsive-text-css\" href=\"https:\/\/onetravelleragency.com\/wp-content\/themes\/woodmart\/css\/parts\/el-responsive-text.min.css?ver=6.1.5\" type=\"text\/css\" media=\"all\" \/> \t\t\t\t\t\t<div id=\"wd-62c497682307a\" class=\"wd-text-block-wrapper wd-wpb color-scheme-custom wd-width-100 text-left  spacing-1\">\n\t\t\t\t<div class=\"woodmart-title-container woodmart-text-block reset-last-child font-text wd-font-weight-600\">\n\t\t\t\t\tOCEAN\u00cdA\t\t\t\t<\/div>\n\t\t\t\t\t\t\t<\/div>\n\t\t<h2 style=\"font-size: 34px;text-align: left\" class=\"vc_custom_heading title caps\" >ONE OF THE BEST PLACES TO TRAVEL<\/h2><div class=\"vc_separator wpb_content_element vc_separator_align_center vc_sep_width_10 vc_sep_pos_align_left vc_separator_no_text\" ><span class=\"vc_sep_holder vc_sep_holder_l\"><span  style=\"border-color:#323232;\" class=\"vc_sep_line\"><\/span><\/span><span class=\"vc_sep_holder vc_sep_holder_r\"><span  style=\"border-color:#323232;\" class=\"vc_sep_line\"><\/span><\/span>\n<\/div>\t\t\t<div id=\"wd-62df03657f59d\" class=\"wd-text-block-wrapper wd-wpb color-scheme-custom wd-width-100 text-left\">\n\t\t\t\t<div class=\"woodmart-title-container woodmart-text-block reset-last-child font-text wd-font-weight-400\">\n\t\t\t\t\tAustralia and New Zealand's mix of mountains, deserts, reefs, forests, beaches and multicultural cities is a timeless draw for travelers. Remote, beautiful and delightful white sand beaches\nof the Pacific and its waters are so perfect that they seem like a dream.\t\t\t\t<\/div>\n\t\t\t\t\t\t\t<\/div>\n\t\t\t\t\t<div id=\"wd-62c49e4ba5df1\" class=\"wd-text-block-wrapper wd-wpb color-scheme-custom wd-width-100 text-left\">\n\t\t\t\t<div class=\"woodmart-title-container woodmart-text-block reset-last-child font-text wd-font-weight-400\">\n\t\t\t\t\tEncounters with furry marsupials in Australia, the traveler will connect with a world that he would otherwise only see in documentaries.\t\t\t\t<\/div>\n\t\t\t\t\t\t\t<\/div>\n\t\t<\/div><\/div><\/div><div class=\"wpb_column vc_column_container vc_col-sm-6\"><div class=\"vc_column-inner\"><div class=\"wpb_wrapper\">\n\t<div class=\"wpb_raw_code wpb_content_element wpb_raw_html\" >\n\t\t<div class=\"wpb_wrapper\">\n\t\t\t<div class=\"pip\">\n    <img decoding=\"async\" src=\"https:\/\/onetravelleragency.com\/wp-content\/uploads\/2022\/07\/postal_oceania.jpg\" \/>\n    <img decoding=\"async\" src=\"https:\/\/onetravelleragency.com\/wp-content\/uploads\/2022\/07\/polaroid_oceania.jpg\" \/>\n<\/div>\n\t\t<\/div>\n\t<\/div>\n<\/div><\/div><\/div><\/div><div data-vc-full-width=\"true\" data-vc-full-width-init=\"false\" data-vc-stretch-content=\"true\" class=\"vc_row wpb_row vc_row-fluid vc_row-no-padding vc_row-o-equal-height vc_row-o-content-middle vc_row-flex\"><div class=\"wpb_column vc_column_container vc_col-sm-6 vc_col-has-fill wd-bg-center-bottom\"><div class=\"vc_column-inner vc_custom_1657052816921\"><div class=\"wpb_wrapper\"><div class=\"vc_empty_space\"   style=\"height: 24vh\"><span class=\"vc_empty_space_inner\"><\/span><\/div><\/div><\/div><\/div><div class=\"wpb_column vc_column_container vc_col-sm-6 vc_col-has-fill\"><div class=\"vc_column-inner vc_custom_1656971776035\"><div class=\"wpb_wrapper\">\t\t\t<div id=\"wd-62c49e90d1002\" class=\"wd-text-block-wrapper wd-wpb color-scheme-light wd-width-100 text-left  spacing-1\">\n\t\t\t\t<div class=\"woodmart-title-container woodmart-text-block reset-last-child font-text wd-font-weight-600\">\n\t\t\t\t\tIN THIS CONTINENT THERE ARE\t\t\t\t<\/div>\n\t\t\t\t\t\t\t<\/div>\n\t\t<h3 style=\"font-size: 34px;color: #ffffff;text-align: left\" class=\"vc_custom_heading title caps vc_custom_1657052798928\" >CITIES AND RESORTS THROUGHOUT THE REGION<\/h3><div class=\"vc_separator wpb_content_element vc_separator_align_center vc_sep_width_10 vc_sep_pos_align_left vc_separator_no_text vc_sep_color_white\" ><span class=\"vc_sep_holder vc_sep_holder_l\"><span  class=\"vc_sep_line\"><\/span><\/span><span class=\"vc_sep_holder vc_sep_holder_r\"><span  class=\"vc_sep_line\"><\/span><\/span>\n<\/div>\t\t\t<div id=\"wd-62d837ef38a85\" class=\"wd-text-block-wrapper wd-wpb color-scheme-light wd-width-100 text-left vc_custom_1658337307005\">\n\t\t\t\t<div class=\"woodmart-title-container woodmart-text-block reset-last-child font-text wd-font-weight-400\">\n\t\t\t\t\tIt is possible to swim with whale sharks in Western Australia; hiking through the jungle, swimming under a waterfall in Fiji and the deep fjords of New Zealand.\t\t\t\t<\/div>\n\t\t\t\t\t\t\t<\/div>\n\t\t<\/div><\/div><\/div><\/div><div class=\"vc_row-full-width vc_clearfix\"><\/div><div class=\"vc_row wpb_row vc_row-fluid vc_custom_1656971858874\"><div class=\"wpb_column vc_column_container vc_col-sm-12\"><div class=\"vc_column-inner\"><div class=\"wpb_wrapper\">\t\t\t<div id=\"wd-62c44a45a53da\" class=\"wd-text-block-wrapper wd-wpb color-scheme-custom wd-width-100 text-center  spacing-1\">\n\t\t\t\t<div class=\"woodmart-title-container woodmart-text-block reset-last-child font-text wd-font-weight-600\">\n\t\t\t\t\tDONDE\t\t\t\t<\/div>\n\t\t\t\t\t\t\t<\/div>\n\t\t<h4 style=\"font-size: 34px;text-align: center\" class=\"vc_custom_heading title caps\" >ARE YOU PLANNING A TRIP AND DON'T KNOW HOW TO START?<\/h4>\t\t\t<div id=\"wd-62c362c63e8bf\" class=\"wd-text-block-wrapper wd-wpb color-scheme-custom wd-width-100 text-center vc_custom_1656972011291\">\n\t\t\t\t<div class=\"woodmart-title-container woodmart-text-block reset-last-child font-text wd-font-weight-400\">\n\t\t\t\t\tEach client is unique, has different tastes and needs, therefore we make an itinerary tailored to each client, providing the best service.\t\t\t\t<\/div>\n\t\t\t\t\t\t\t<\/div>\n\t\t<div id=\"wd-62d18327c0de5\" class=\"wd-button-wrapper woodmart-button-wrapper text-center\"><a href=\"https:\/\/onetravelleragency.com\/en\/contacto\/\" title=\"Contact us\" class=\"btn btn-color-primary btn-style-default btn-shape-round btn-size-large\">Schedule an Appointment<\/a><\/div><\/div><\/div><\/div><\/div><div data-vc-full-width=\"true\" data-vc-full-width-init=\"false\" data-vc-stretch-content=\"true\" class=\"vc_row wpb_row vc_row-fluid row-shadow vc_custom_1657034703010 vc_row-has-fill vc_row-no-padding vc_row-o-equal-height vc_row-o-content-middle vc_row-flex\"><div class=\"wpb_column vc_column_container vc_col-sm-2\"><div class=\"vc_column-inner\"><div class=\"wpb_wrapper\"><\/div><\/div><\/div><div class=\"wpb_column vc_column_container vc_col-sm-4\"><div class=\"vc_column-inner vc_custom_1657899066105\"><div class=\"wpb_wrapper\">\t\t\t<div id=\"wd-62c453f428cf6\" class=\"wd-text-block-wrapper wd-wpb color-scheme-custom wd-width-100 text-left  spacing-1\">\n\t\t\t\t<div class=\"woodmart-title-container woodmart-text-block reset-last-child font-text wd-font-weight-600\">\n\t\t\t\t\tWE TAKE CARE\t\t\t\t<\/div>\n\t\t\t\t\t\t\t<\/div>\n\t\t<h4 style=\"font-size: 34px;text-align: left\" class=\"vc_custom_heading title caps\" >HAVE A UNIQUE EXPERIENCE<\/h4><div class=\"vc_separator wpb_content_element vc_separator_align_center vc_sep_width_10 vc_sep_pos_align_left vc_separator_no_text\" ><span class=\"vc_sep_holder vc_sep_holder_l\"><span  style=\"border-color:#323232;\" class=\"vc_sep_line\"><\/span><\/span><span class=\"vc_sep_holder vc_sep_holder_r\"><span  style=\"border-color:#323232;\" class=\"vc_sep_line\"><\/span><\/span>\n<\/div>\t\t\t<div id=\"wd-62c4545ce34af\" class=\"wd-text-block-wrapper wd-wpb color-scheme-custom wd-width-100 text-left\">\n\t\t\t\t<div class=\"woodmart-title-container woodmart-text-block reset-last-child font-text wd-font-weight-400\">\n\t\t\t\t\tWe work with the best hotels, some got awards for the best in the world.\t\t\t\t<\/div>\n\t\t\t\t\t\t\t<\/div>\n\t\t<\/div><\/div><\/div><div class=\"wpb_column mobile-carousel vc_column_container vc_col-sm-6\"><div class=\"vc_column-inner vc_custom_1657898865724\"><div class=\"wpb_wrapper\">\t\t\t<link rel=\"stylesheet\" id=\"wd-photoswipe-css\" href=\"https:\/\/onetravelleragency.com\/wp-content\/themes\/woodmart\/css\/parts\/lib-photoswipe.min.css?ver=6.1.5\" type=\"text\/css\" media=\"all\" \/> \t\t\t\t\t\t<link rel=\"stylesheet\" id=\"wd-owl-carousel-css\" href=\"https:\/\/onetravelleragency.com\/wp-content\/themes\/woodmart\/css\/parts\/lib-owl-carousel.min.css?ver=6.1.5\" type=\"text\/css\" media=\"all\" \/> \t\t\t\t\t\t<link rel=\"stylesheet\" id=\"wd-image-gallery-css\" href=\"https:\/\/onetravelleragency.com\/wp-content\/themes\/woodmart\/css\/parts\/el-gallery.min.css?ver=6.1.5\" type=\"text\/css\" media=\"all\" \/> \t\t\t\t\t<div id=\"gallery_461\" class=\"wd-images-gallery wd-justify-center wd-items-middle view-carousel photoswipe-images wd-carousel-spacing-30 wd-carousel-container\" data-owl-carousel data-wrap=\"no\" data-hide_pagination_control=\"no\" data-hide_prev_next_buttons=\"yes\" data-desktop=\"3\" data-tablet_landscape=\"3\" data-tablet=\"2\" data-mobile=\"1\">\n\t\t\t<div class=\"gallery-images owl-carousel owl-items-lg-3 owl-items-md-3 owl-items-sm-2 owl-items-xs-1\">\n\t\t\t\t\t\t\t\t\t\t\t\t\t\t\t<div class=\"wd-gallery-item\">\n\t\t\t\t\t\t\t\t\t\t\t\t\t\t<a href=\"https:\/\/onetravelleragency.com\/wp-content\/uploads\/2022\/07\/australiaqualia.jpg\" data-elementor-open-lightbox=\"no\" data-index=\"1\" data-width=\"600\" data-height=\"600\"  >\n\t\t\t\t\t\t\t\t\n\t\t\t\t\t\t\t\t\t\t\t\t\t\t\t\t\t<img loading=\"lazy\" decoding=\"async\" width=\"600\" height=\"600\" src=\"https:\/\/onetravelleragency.com\/wp-content\/uploads\/2022\/07\/australiaqualia.jpg\" class=\"wd-gallery-image image-1 attachment-full\" alt=\"\" title=\"australiaqualia\" srcset=\"https:\/\/onetravelleragency.com\/wp-content\/uploads\/2022\/07\/australiaqualia.jpg 600w, https:\/\/onetravelleragency.com\/wp-content\/uploads\/2022\/07\/australiaqualia-300x300.jpg 300w, https:\/\/onetravelleragency.com\/wp-content\/uploads\/2022\/07\/australiaqualia-150x150.jpg 150w\" sizes=\"auto, (max-width: 600px) 100vw, 600px\" \/>\t\t\t\t\t\t\t\t\n\n\t\t\t\t\t\t\t\t\t\t\t\t\t\t\t<\/a>\n\t\t\t\t\t\t\t\t\t\t\t\t<\/div>\n\t\t\t\t\t\t\t\t\t\t\t<div class=\"wd-gallery-item\">\n\t\t\t\t\t\t\t\t\t\t\t\t\t\t<a href=\"https:\/\/onetravelleragency.com\/wp-content\/uploads\/2022\/07\/australiaparkhyatt.jpg\" data-elementor-open-lightbox=\"no\" data-index=\"2\" data-width=\"600\" data-height=\"600\"  >\n\t\t\t\t\t\t\t\t\n\t\t\t\t\t\t\t\t\t\t\t\t\t\t\t\t\t<img loading=\"lazy\" decoding=\"async\" width=\"600\" height=\"600\" src=\"https:\/\/onetravelleragency.com\/wp-content\/uploads\/2022\/07\/australiaparkhyatt.jpg\" class=\"wd-gallery-image image-2 attachment-full\" alt=\"\" title=\"australiaparkhyatt\" srcset=\"https:\/\/onetravelleragency.com\/wp-content\/uploads\/2022\/07\/australiaparkhyatt.jpg 600w, https:\/\/onetravelleragency.com\/wp-content\/uploads\/2022\/07\/australiaparkhyatt-300x300.jpg 300w, https:\/\/onetravelleragency.com\/wp-content\/uploads\/2022\/07\/australiaparkhyatt-150x150.jpg 150w\" sizes=\"auto, (max-width: 600px) 100vw, 600px\" \/>\t\t\t\t\t\t\t\t\n\n\t\t\t\t\t\t\t\t\t\t\t\t\t\t\t<\/a>\n\t\t\t\t\t\t\t\t\t\t\t\t<\/div>\n\t\t\t\t\t\t\t\t\t\t\t<div class=\"wd-gallery-item\">\n\t\t\t\t\t\t\t\t\t\t\t\t\t\t<a href=\"https:\/\/onetravelleragency.com\/wp-content\/uploads\/2022\/07\/nuevazelandaeichardts.jpg\" data-elementor-open-lightbox=\"no\" data-index=\"3\" data-width=\"600\" data-height=\"600\"  >\n\t\t\t\t\t\t\t\t\n\t\t\t\t\t\t\t\t\t\t\t\t\t\t\t\t\t<img loading=\"lazy\" decoding=\"async\" width=\"600\" height=\"600\" src=\"https:\/\/onetravelleragency.com\/wp-content\/uploads\/2022\/07\/nuevazelandaeichardts.jpg\" class=\"wd-gallery-image image-3 attachment-full\" alt=\"\" title=\"nuevazelandaeichardts\" srcset=\"https:\/\/onetravelleragency.com\/wp-content\/uploads\/2022\/07\/nuevazelandaeichardts.jpg 600w, https:\/\/onetravelleragency.com\/wp-content\/uploads\/2022\/07\/nuevazelandaeichardts-300x300.jpg 300w, https:\/\/onetravelleragency.com\/wp-content\/uploads\/2022\/07\/nuevazelandaeichardts-150x150.jpg 150w\" sizes=\"auto, (max-width: 600px) 100vw, 600px\" \/>\t\t\t\t\t\t\t\t\n\n\t\t\t\t\t\t\t\t\t\t\t\t\t\t\t<\/a>\n\t\t\t\t\t\t\t\t\t\t\t\t<\/div>\n\t\t\t\t\t\t\t\t\t\t\t<div class=\"wd-gallery-item\">\n\t\t\t\t\t\t\t\t\t\t\t\t\t\t<a href=\"https:\/\/onetravelleragency.com\/wp-content\/uploads\/2022\/07\/egiptotheoberoi-1.jpg\" data-elementor-open-lightbox=\"no\" data-index=\"4\" data-width=\"600\" data-height=\"600\"  >\n\t\t\t\t\t\t\t\t\n\t\t\t\t\t\t\t\t\t\t\t\t\t\t\t\t\t<img loading=\"lazy\" decoding=\"async\" width=\"600\" height=\"600\" src=\"https:\/\/onetravelleragency.com\/wp-content\/uploads\/2022\/07\/egiptotheoberoi-1.jpg\" class=\"wd-gallery-image image-4 attachment-full\" alt=\"\" title=\"egiptotheoberoi\" srcset=\"https:\/\/onetravelleragency.com\/wp-content\/uploads\/2022\/07\/egiptotheoberoi-1.jpg 600w, https:\/\/onetravelleragency.com\/wp-content\/uploads\/2022\/07\/egiptotheoberoi-1-300x300.jpg 300w, https:\/\/onetravelleragency.com\/wp-content\/uploads\/2022\/07\/egiptotheoberoi-1-150x150.jpg 150w\" sizes=\"auto, (max-width: 600px) 100vw, 600px\" \/>\t\t\t\t\t\t\t\t\n\n\t\t\t\t\t\t\t\t\t\t\t\t\t\t\t<\/a>\n\t\t\t\t\t\t\t\t\t\t\t\t<\/div>\n\t\t\t\t\t\t\t\t\t\t\t<div class=\"wd-gallery-item\">\n\t\t\t\t\t\t\t\t\t\t\t\t\t\t<a href=\"https:\/\/onetravelleragency.com\/wp-content\/uploads\/2022\/07\/nuevazelandakinloch.jpg\" data-elementor-open-lightbox=\"no\" data-index=\"5\" data-width=\"600\" data-height=\"600\"  >\n\t\t\t\t\t\t\t\t\n\t\t\t\t\t\t\t\t\t\t\t\t\t\t\t\t\t<img loading=\"lazy\" decoding=\"async\" width=\"600\" height=\"600\" src=\"https:\/\/onetravelleragency.com\/wp-content\/uploads\/2022\/07\/nuevazelandakinloch.jpg\" class=\"wd-gallery-image image-5 attachment-full\" alt=\"\" title=\"nuevazelandakinloch\" srcset=\"https:\/\/onetravelleragency.com\/wp-content\/uploads\/2022\/07\/nuevazelandakinloch.jpg 600w, https:\/\/onetravelleragency.com\/wp-content\/uploads\/2022\/07\/nuevazelandakinloch-300x300.jpg 300w, https:\/\/onetravelleragency.com\/wp-content\/uploads\/2022\/07\/nuevazelandakinloch-150x150.jpg 150w\" sizes=\"auto, (max-width: 600px) 100vw, 600px\" \/>\t\t\t\t\t\t\t\t\n\n\t\t\t\t\t\t\t\t\t\t\t\t\t\t\t<\/a>\n\t\t\t\t\t\t\t\t\t\t\t\t<\/div>\n\t\t\t\t\t\t\t\t\t\t\t\t<\/div>\n\t\t<\/div>\n\t\t\t\t<\/div><\/div><\/div><\/div><div class=\"vc_row-full-width vc_clearfix\"><\/div><div class=\"vc_row wpb_row vc_row-fluid\"><div class=\"wpb_column vc_column_container vc_col-sm-12\"><div class=\"vc_column-inner\"><div class=\"wpb_wrapper\">\n\t<div  class=\"wpb_single_image wpb_content_element vc_align_center vc_custom_1657034809678\">\n\t\t\n\t\t<figure class=\"wpb_wrapper vc_figure\">\n\t\t\t<div class=\"vc_single_image-wrapper   vc_box_border_grey\"><img loading=\"lazy\" decoding=\"async\" width=\"689\" height=\"363\" src=\"https:\/\/onetravelleragency.com\/wp-content\/uploads\/2022\/07\/frase_america.svg\" class=\"vc_single_image-img attachment-full\" alt=\"\" title=\"frase_america\" \/><\/div>\n\t\t<\/figure>\n\t<\/div>\n<\/div><\/div><\/div><\/div>","protected":false},"excerpt":{"rendered":"OCEAN\u00cdA OCEAN\u00cdA Uno de los mejores lugares para viajar La mezcla de monta\u00f1as, desiertos, arrecifes, bosques, playas y ciudades multiculturales","protected":false},"author":1,"featured_media":0,"parent":0,"menu_order":0,"comment_status":"closed","ping_status":"closed","template":"","meta":{"_joinchat":[],"footnotes":""},"class_list":["post-208","page","type-page","status-publish","hentry"],"_links":{"self":[{"href":"https:\/\/onetravelleragency.com\/en\/wp-json\/wp\/v2\/pages\/208","targetHints":{"allow":["GET"]}}],"collection":[{"href":"https:\/\/onetravelleragency.com\/en\/wp-json\/wp\/v2\/pages"}],"about":[{"href":"https:\/\/onetravelleragency.com\/en\/wp-json\/wp\/v2\/types\/page"}],"author":[{"embeddable":true,"href":"https:\/\/onetravelleragency.com\/en\/wp-json\/wp\/v2\/users\/1"}],"replies":[{"embeddable":true,"href":"https:\/\/onetravelleragency.com\/en\/wp-json\/wp\/v2\/comments?post=208"}],"version-history":[{"count":7,"href":"https:\/\/onetravelleragency.com\/en\/wp-json\/wp\/v2\/pages\/208\/revisions"}],"predecessor-version":[{"id":466,"href":"https:\/\/onetravelleragency.com\/en\/wp-json\/wp\/v2\/pages\/208\/revisions\/466"}],"wp:attachment":[{"href":"https:\/\/onetravelleragency.com\/en\/wp-json\/wp\/v2\/media?parent=208"}],"curies":[{"name":"wp","href":"https:\/\/api.w.org\/{rel}","templated":true}]}}