{"id":126,"date":"2022-07-04T15:43:12","date_gmt":"2022-07-04T20:43:12","guid":{"rendered":"https:\/\/onetravelleragency.com\/?page_id=126"},"modified":"2022-07-20T11:18:14","modified_gmt":"2022-07-20T16:18:14","slug":"america","status":"publish","type":"page","link":"https:\/\/onetravelleragency.com\/en\/america\/","title":{"rendered":"America"},"content":{"rendered":"<div data-vc-full-width=\"true\" data-vc-full-width-init=\"false\" data-vc-stretch-content=\"true\" class=\"vc_row wpb_row vc_row-fluid vc_custom_1656967441099 vc_row-has-fill vc_row-no-padding vc_row-o-content-middle vc_row-flex\"><div class=\"wpb_column vc_column_container vc_col-sm-12\"><div class=\"vc_column-inner vc_custom_1657899410217\"><div class=\"wpb_wrapper\"><h1 style=\"font-size: 78px;color: #ffffff;text-align: center\" class=\"vc_custom_heading text-outline vc_custom_1656967728545\" >AMERICA<\/h1><\/div><\/div><\/div><\/div><div class=\"vc_row-full-width vc_clearfix\"><\/div><div class=\"vc_row wpb_row vc_row-fluid vc_custom_1656968264231 vc_row-o-equal-height vc_row-o-content-top vc_row-flex\"><div class=\"wpb_column vc_column_container vc_col-sm-6\"><div class=\"vc_column-inner\"><div class=\"wpb_wrapper\">\t\t\t<link rel=\"stylesheet\" id=\"wd-responsive-text-css\" href=\"https:\/\/onetravelleragency.com\/wp-content\/themes\/woodmart\/css\/parts\/el-responsive-text.min.css?ver=6.1.5\" type=\"text\/css\" media=\"all\" \/> \t\t\t\t\t\t<div id=\"wd-62c353005ba79\" class=\"wd-text-block-wrapper wd-wpb color-scheme-custom wd-width-100 text-left  spacing-1\">\n\t\t\t\t<div class=\"woodmart-title-container woodmart-text-block reset-last-child font-text wd-font-weight-600\">\n\t\t\t\t\tAMERICA\t\t\t\t<\/div>\n\t\t\t\t\t\t\t<\/div>\n\t\t<h2 style=\"font-size: 34px;text-align: left\" class=\"vc_custom_heading title caps\" >ONE OF THE BEST PLACES TO TRAVEL<\/h2><div class=\"vc_separator wpb_content_element vc_separator_align_center vc_sep_width_10 vc_sep_pos_align_left vc_separator_no_text\" ><span class=\"vc_sep_holder vc_sep_holder_l\"><span  style=\"border-color:#323232;\" class=\"vc_sep_line\"><\/span><\/span><span class=\"vc_sep_holder vc_sep_holder_r\"><span  style=\"border-color:#323232;\" class=\"vc_sep_line\"><\/span><\/span>\n<\/div>\t\t\t<div id=\"wd-62c354676443d\" class=\"wd-text-block-wrapper wd-wpb color-scheme-custom wd-width-100 text-left\">\n\t\t\t\t<div class=\"woodmart-title-container woodmart-text-block reset-last-child font-text wd-font-weight-400\">\n\t\t\t\t\tAmerica pulses between towering forests, rolling fields, high plains deserts, restless metropolises and offbeat oases. Discover the turquoise seas and lush forests, majestic Mayan ruins and colorful markets.\t\t\t\t<\/div>\n\t\t\t\t\t\t\t<\/div>\n\t\t<\/div><\/div><\/div><div class=\"wpb_column vc_column_container vc_col-sm-6\"><div class=\"vc_column-inner\"><div class=\"wpb_wrapper\">\n\t<div class=\"wpb_raw_code wpb_content_element wpb_raw_html\" >\n\t\t<div class=\"wpb_wrapper\">\n\t\t\t<div class=\"pip\">\n    <img decoding=\"async\" src=\"https:\/\/onetravelleragency.com\/wp-content\/uploads\/2022\/07\/postal_america_max.jpg\" \/>\n    <img decoding=\"async\" src=\"https:\/\/onetravelleragency.com\/wp-content\/uploads\/2022\/07\/polaroid_america.jpg\" \/>\n<\/div>\n\t\t<\/div>\n\t<\/div>\n<\/div><\/div><\/div><\/div><div data-vc-full-width=\"true\" data-vc-full-width-init=\"false\" data-vc-stretch-content=\"true\" class=\"vc_row wpb_row vc_row-fluid vc_row-no-padding vc_row-o-equal-height vc_row-o-content-middle vc_row-flex\"><div class=\"wpb_column vc_column_container vc_col-sm-6 vc_col-has-fill wd-bg-center-center\"><div class=\"vc_column-inner vc_custom_1656971530509\"><div class=\"wpb_wrapper\"><div class=\"vc_empty_space\"   style=\"height: 24vh\"><span class=\"vc_empty_space_inner\"><\/span><\/div><\/div><\/div><\/div><div class=\"wpb_column vc_column_container vc_col-sm-6 vc_col-has-fill\"><div class=\"vc_column-inner vc_custom_1656971776035\"><div class=\"wpb_wrapper\">\t\t\t<div id=\"wd-62c361369cd9e\" class=\"wd-text-block-wrapper wd-wpb color-scheme-light wd-width-100 text-left  spacing-1\">\n\t\t\t\t<div class=\"woodmart-title-container woodmart-text-block reset-last-child font-text wd-font-weight-600\">\n\t\t\t\t\tIN THIS CONTINENT\t\t\t\t<\/div>\n\t\t\t\t\t\t\t<\/div>\n\t\t<h3 style=\"font-size: 34px;color: #ffffff;text-align: left\" class=\"vc_custom_heading title caps vc_custom_1656971672166\" >THERE IS A FREEDOM FEELING<\/h3><div class=\"vc_separator wpb_content_element vc_separator_align_center vc_sep_width_10 vc_sep_pos_align_left vc_separator_no_text vc_sep_color_white\" ><span class=\"vc_sep_holder vc_sep_holder_l\"><span  class=\"vc_sep_line\"><\/span><\/span><span class=\"vc_sep_holder vc_sep_holder_r\"><span  class=\"vc_sep_line\"><\/span><\/span>\n<\/div>\t\t\t<div id=\"wd-62c362032c090\" class=\"wd-text-block-wrapper wd-wpb color-scheme-light wd-width-100 text-left vc_custom_1656971768361\">\n\t\t\t\t<div class=\"woodmart-title-container woodmart-text-block reset-last-child font-text wd-font-weight-400\">\n\t\t\t\t\tTake cruises to Alaska, tour big cities like New York, visit the incredible beaches of Mexico, get to know the Andes Mountains.\t\t\t\t<\/div>\n\t\t\t\t\t\t\t<\/div>\n\t\t<\/div><\/div><\/div><\/div><div class=\"vc_row-full-width vc_clearfix\"><\/div><div class=\"vc_row wpb_row vc_row-fluid vc_custom_1656971858874\"><div class=\"wpb_column vc_column_container vc_col-sm-12\"><div class=\"vc_column-inner\"><div class=\"wpb_wrapper\">\t\t\t<div id=\"wd-62d82abb2948e\" class=\"wd-text-block-wrapper wd-wpb color-scheme-custom wd-width-100 text-center  spacing-1\">\n\t\t\t\t<div class=\"woodmart-title-container woodmart-text-block reset-last-child font-text wd-font-weight-600\">\n\t\t\t\t\tWHERE\t\t\t\t<\/div>\n\t\t\t\t\t\t\t<\/div>\n\t\t<h4 style=\"font-size: 34px;text-align: center\" class=\"vc_custom_heading title caps\" >ARE YOU PLANNING A TRIP AND DON'T KNOW HOW TO START?<\/h4>\t\t\t<div id=\"wd-62c362c63e8bf\" class=\"wd-text-block-wrapper wd-wpb color-scheme-custom wd-width-100 text-center vc_custom_1656972011291\">\n\t\t\t\t<div class=\"woodmart-title-container woodmart-text-block reset-last-child font-text wd-font-weight-400\">\n\t\t\t\t\tEach client is unique, has different tastes and needs, therefore we make an itinerary tailored to each client, providing the best service.\t\t\t\t<\/div>\n\t\t\t\t\t\t\t<\/div>\n\t\t<div id=\"wd-62d182a913597\" class=\"wd-button-wrapper woodmart-button-wrapper text-center\"><a href=\"https:\/\/onetravelleragency.com\/en\/contacto\/\" title=\"Contact us\" class=\"btn btn-color-primary btn-style-default btn-shape-round btn-size-large\">Schedule an Appointment<\/a><\/div><\/div><\/div><\/div><\/div><div data-vc-full-width=\"true\" data-vc-full-width-init=\"false\" data-vc-stretch-content=\"true\" class=\"vc_row wpb_row vc_row-fluid row-shadow vc_custom_1657034703010 vc_row-has-fill vc_row-no-padding vc_row-o-equal-height vc_row-o-content-middle vc_row-flex\"><div class=\"wpb_column vc_column_container vc_col-sm-2\"><div class=\"vc_column-inner\"><div class=\"wpb_wrapper\"><\/div><\/div><\/div><div class=\"wpb_column vc_column_container vc_col-sm-4\"><div class=\"vc_column-inner vc_custom_1657899374405\"><div class=\"wpb_wrapper\">\t\t\t<div id=\"wd-62c453f428cf6\" class=\"wd-text-block-wrapper wd-wpb color-scheme-custom wd-width-100 text-left  spacing-1\">\n\t\t\t\t<div class=\"woodmart-title-container woodmart-text-block reset-last-child font-text wd-font-weight-600\">\n\t\t\t\t\tWE TAKE CARE\t\t\t\t<\/div>\n\t\t\t\t\t\t\t<\/div>\n\t\t<h4 style=\"font-size: 34px;text-align: left\" class=\"vc_custom_heading title caps\" >HAVE A UNIQUE EXPERIENCE<\/h4><div class=\"vc_separator wpb_content_element vc_separator_align_center vc_sep_width_10 vc_sep_pos_align_left vc_separator_no_text\" ><span class=\"vc_sep_holder vc_sep_holder_l\"><span  style=\"border-color:#323232;\" class=\"vc_sep_line\"><\/span><\/span><span class=\"vc_sep_holder vc_sep_holder_r\"><span  style=\"border-color:#323232;\" class=\"vc_sep_line\"><\/span><\/span>\n<\/div>\t\t\t<div id=\"wd-62c4545ce34af\" class=\"wd-text-block-wrapper wd-wpb color-scheme-custom wd-width-100 text-left\">\n\t\t\t\t<div class=\"woodmart-title-container woodmart-text-block reset-last-child font-text wd-font-weight-400\">\n\t\t\t\t\tWe work with the best hotels, some got awards for the best in the world.\t\t\t\t<\/div>\n\t\t\t\t\t\t\t<\/div>\n\t\t<\/div><\/div><\/div><div class=\"wpb_column mobile-carousel vc_column_container vc_col-sm-6\"><div class=\"vc_column-inner vc_custom_1657898756095\"><div class=\"wpb_wrapper\">\t\t\t<link rel=\"stylesheet\" id=\"wd-photoswipe-css\" href=\"https:\/\/onetravelleragency.com\/wp-content\/themes\/woodmart\/css\/parts\/lib-photoswipe.min.css?ver=6.1.5\" type=\"text\/css\" media=\"all\" \/> \t\t\t\t\t\t<link rel=\"stylesheet\" id=\"wd-owl-carousel-css\" href=\"https:\/\/onetravelleragency.com\/wp-content\/themes\/woodmart\/css\/parts\/lib-owl-carousel.min.css?ver=6.1.5\" type=\"text\/css\" media=\"all\" \/> \t\t\t\t\t\t<link rel=\"stylesheet\" id=\"wd-image-gallery-css\" href=\"https:\/\/onetravelleragency.com\/wp-content\/themes\/woodmart\/css\/parts\/el-gallery.min.css?ver=6.1.5\" type=\"text\/css\" media=\"all\" \/> \t\t\t\t\t<div id=\"gallery_121\" class=\"wd-images-gallery wd-justify-center wd-items-middle view-carousel photoswipe-images wd-carousel-spacing-30 wd-carousel-container\" data-owl-carousel data-wrap=\"no\" data-hide_pagination_control=\"no\" data-hide_prev_next_buttons=\"yes\" data-desktop=\"3\" data-tablet_landscape=\"3\" data-tablet=\"2\" data-mobile=\"1\">\n\t\t\t<div class=\"gallery-images owl-carousel owl-items-lg-3 owl-items-md-3 owl-items-sm-2 owl-items-xs-1\">\n\t\t\t\t\t\t\t\t\t\t\t\t\t\t\t<div class=\"wd-gallery-item\">\n\t\t\t\t\t\t\t\t\t\t\t\t\t\t<a href=\"https:\/\/onetravelleragency.com\/wp-content\/uploads\/2022\/07\/canada_td.jpg\" data-elementor-open-lightbox=\"no\" data-index=\"1\" data-width=\"600\" data-height=\"600\"  >\n\t\t\t\t\t\t\t\t\n\t\t\t\t\t\t\t\t\t\t\t\t\t\t\t\t\t<img loading=\"lazy\" decoding=\"async\" width=\"600\" height=\"600\" src=\"https:\/\/onetravelleragency.com\/wp-content\/uploads\/2022\/07\/canada_td.jpg\" class=\"wd-gallery-image image-1 attachment-full\" alt=\"\" title=\"canada_td\" srcset=\"https:\/\/onetravelleragency.com\/wp-content\/uploads\/2022\/07\/canada_td.jpg 600w, https:\/\/onetravelleragency.com\/wp-content\/uploads\/2022\/07\/canada_td-300x300.jpg 300w, https:\/\/onetravelleragency.com\/wp-content\/uploads\/2022\/07\/canada_td-150x150.jpg 150w\" sizes=\"auto, (max-width: 600px) 100vw, 600px\" \/>\t\t\t\t\t\t\t\t\n\n\t\t\t\t\t\t\t\t\t\t\t\t\t\t\t<\/a>\n\t\t\t\t\t\t\t\t\t\t\t\t<\/div>\n\t\t\t\t\t\t\t\t\t\t\t<div class=\"wd-gallery-item\">\n\t\t\t\t\t\t\t\t\t\t\t\t\t\t<a href=\"https:\/\/onetravelleragency.com\/wp-content\/uploads\/2022\/07\/usa_equinox.jpg\" data-elementor-open-lightbox=\"no\" data-index=\"2\" data-width=\"600\" data-height=\"600\"  >\n\t\t\t\t\t\t\t\t\n\t\t\t\t\t\t\t\t\t\t\t\t\t\t\t\t\t<img loading=\"lazy\" decoding=\"async\" width=\"600\" height=\"600\" src=\"https:\/\/onetravelleragency.com\/wp-content\/uploads\/2022\/07\/usa_equinox.jpg\" class=\"wd-gallery-image image-2 attachment-full\" alt=\"\" title=\"usa_equinox\" srcset=\"https:\/\/onetravelleragency.com\/wp-content\/uploads\/2022\/07\/usa_equinox.jpg 600w, https:\/\/onetravelleragency.com\/wp-content\/uploads\/2022\/07\/usa_equinox-300x300.jpg 300w, https:\/\/onetravelleragency.com\/wp-content\/uploads\/2022\/07\/usa_equinox-150x150.jpg 150w\" sizes=\"auto, (max-width: 600px) 100vw, 600px\" \/>\t\t\t\t\t\t\t\t\n\n\t\t\t\t\t\t\t\t\t\t\t\t\t\t\t<\/a>\n\t\t\t\t\t\t\t\t\t\t\t\t<\/div>\n\t\t\t\t\t\t\t\t\t\t\t<div class=\"wd-gallery-item\">\n\t\t\t\t\t\t\t\t\t\t\t\t\t\t<a href=\"https:\/\/onetravelleragency.com\/wp-content\/uploads\/2022\/07\/mex_chabyu.jpg\" data-elementor-open-lightbox=\"no\" data-index=\"3\" data-width=\"600\" data-height=\"600\"  >\n\t\t\t\t\t\t\t\t\n\t\t\t\t\t\t\t\t\t\t\t\t\t\t\t\t\t<img loading=\"lazy\" decoding=\"async\" width=\"600\" height=\"600\" src=\"https:\/\/onetravelleragency.com\/wp-content\/uploads\/2022\/07\/mex_chabyu.jpg\" class=\"wd-gallery-image image-3 attachment-full\" alt=\"\" title=\"mex_chabyu\" srcset=\"https:\/\/onetravelleragency.com\/wp-content\/uploads\/2022\/07\/mex_chabyu.jpg 600w, https:\/\/onetravelleragency.com\/wp-content\/uploads\/2022\/07\/mex_chabyu-300x300.jpg 300w, https:\/\/onetravelleragency.com\/wp-content\/uploads\/2022\/07\/mex_chabyu-150x150.jpg 150w\" sizes=\"auto, (max-width: 600px) 100vw, 600px\" \/>\t\t\t\t\t\t\t\t\n\n\t\t\t\t\t\t\t\t\t\t\t\t\t\t\t<\/a>\n\t\t\t\t\t\t\t\t\t\t\t\t<\/div>\n\t\t\t\t\t\t\t\t\t\t\t<div class=\"wd-gallery-item\">\n\t\t\t\t\t\t\t\t\t\t\t\t\t\t<a href=\"https:\/\/onetravelleragency.com\/wp-content\/uploads\/2022\/07\/mex_nizuc.jpg\" data-elementor-open-lightbox=\"no\" data-index=\"4\" data-width=\"600\" data-height=\"600\"  >\n\t\t\t\t\t\t\t\t\n\t\t\t\t\t\t\t\t\t\t\t\t\t\t\t\t\t<img loading=\"lazy\" decoding=\"async\" width=\"600\" height=\"600\" src=\"https:\/\/onetravelleragency.com\/wp-content\/uploads\/2022\/07\/mex_nizuc.jpg\" class=\"wd-gallery-image image-4 attachment-full\" alt=\"\" title=\"mex_nizuc\" srcset=\"https:\/\/onetravelleragency.com\/wp-content\/uploads\/2022\/07\/mex_nizuc.jpg 600w, https:\/\/onetravelleragency.com\/wp-content\/uploads\/2022\/07\/mex_nizuc-300x300.jpg 300w, https:\/\/onetravelleragency.com\/wp-content\/uploads\/2022\/07\/mex_nizuc-150x150.jpg 150w\" sizes=\"auto, (max-width: 600px) 100vw, 600px\" \/>\t\t\t\t\t\t\t\t\n\n\t\t\t\t\t\t\t\t\t\t\t\t\t\t\t<\/a>\n\t\t\t\t\t\t\t\t\t\t\t\t<\/div>\n\t\t\t\t\t\t\t\t\t\t\t<div class=\"wd-gallery-item\">\n\t\t\t\t\t\t\t\t\t\t\t\t\t\t<a href=\"https:\/\/onetravelleragency.com\/wp-content\/uploads\/2022\/07\/peru_titilaka.jpg\" data-elementor-open-lightbox=\"no\" data-index=\"5\" data-width=\"600\" data-height=\"600\"  >\n\t\t\t\t\t\t\t\t\n\t\t\t\t\t\t\t\t\t\t\t\t\t\t\t\t\t<img loading=\"lazy\" decoding=\"async\" width=\"600\" height=\"600\" src=\"https:\/\/onetravelleragency.com\/wp-content\/uploads\/2022\/07\/peru_titilaka.jpg\" class=\"wd-gallery-image image-5 attachment-full\" alt=\"\" title=\"peru_titilaka\" srcset=\"https:\/\/onetravelleragency.com\/wp-content\/uploads\/2022\/07\/peru_titilaka.jpg 600w, https:\/\/onetravelleragency.com\/wp-content\/uploads\/2022\/07\/peru_titilaka-300x300.jpg 300w, https:\/\/onetravelleragency.com\/wp-content\/uploads\/2022\/07\/peru_titilaka-150x150.jpg 150w\" sizes=\"auto, (max-width: 600px) 100vw, 600px\" \/>\t\t\t\t\t\t\t\t\n\n\t\t\t\t\t\t\t\t\t\t\t\t\t\t\t<\/a>\n\t\t\t\t\t\t\t\t\t\t\t\t<\/div>\n\t\t\t\t\t\t\t\t\t\t\t\t<\/div>\n\t\t<\/div>\n\t\t\t\t<\/div><\/div><\/div><\/div><div class=\"vc_row-full-width vc_clearfix\"><\/div><div class=\"vc_row wpb_row vc_row-fluid\"><div class=\"wpb_column vc_column_container vc_col-sm-12\"><div class=\"vc_column-inner\"><div class=\"wpb_wrapper\">\n\t<div  class=\"wpb_single_image wpb_content_element vc_align_center vc_custom_1657034809678\">\n\t\t\n\t\t<figure class=\"wpb_wrapper vc_figure\">\n\t\t\t<div class=\"vc_single_image-wrapper   vc_box_border_grey\"><img loading=\"lazy\" decoding=\"async\" width=\"689\" height=\"363\" src=\"https:\/\/onetravelleragency.com\/wp-content\/uploads\/2022\/07\/frase_america.svg\" class=\"vc_single_image-img attachment-full\" alt=\"\" title=\"frase_america\" \/><\/div>\n\t\t<\/figure>\n\t<\/div>\n<\/div><\/div><\/div><\/div>","protected":false},"excerpt":{"rendered":"AM\u00c9RICA AM\u00c9RICA Uno de los mejores lugares para viajar Am\u00e9rica late entre alt\u00edsimos bosques, campos ondulantes, desiertos en altas llanuras,","protected":false},"author":1,"featured_media":0,"parent":0,"menu_order":0,"comment_status":"closed","ping_status":"closed","template":"","meta":{"_joinchat":[],"footnotes":""},"class_list":["post-126","page","type-page","status-publish","hentry"],"_links":{"self":[{"href":"https:\/\/onetravelleragency.com\/en\/wp-json\/wp\/v2\/pages\/126","targetHints":{"allow":["GET"]}}],"collection":[{"href":"https:\/\/onetravelleragency.com\/en\/wp-json\/wp\/v2\/pages"}],"about":[{"href":"https:\/\/onetravelleragency.com\/en\/wp-json\/wp\/v2\/types\/page"}],"author":[{"embeddable":true,"href":"https:\/\/onetravelleragency.com\/en\/wp-json\/wp\/v2\/users\/1"}],"replies":[{"embeddable":true,"href":"https:\/\/onetravelleragency.com\/en\/wp-json\/wp\/v2\/comments?post=126"}],"version-history":[{"count":7,"href":"https:\/\/onetravelleragency.com\/en\/wp-json\/wp\/v2\/pages\/126\/revisions"}],"predecessor-version":[{"id":450,"href":"https:\/\/onetravelleragency.com\/en\/wp-json\/wp\/v2\/pages\/126\/revisions\/450"}],"wp:attachment":[{"href":"https:\/\/onetravelleragency.com\/en\/wp-json\/wp\/v2\/media?parent=126"}],"curies":[{"name":"wp","href":"https:\/\/api.w.org\/{rel}","templated":true}]}}